{"id":109,"date":"2019-02-13T07:57:54","date_gmt":"2019-02-13T07:57:54","guid":{"rendered":"http:\/\/pilsumer-warfthaus.de\/?page_id=109"},"modified":"2019-05-12T07:22:52","modified_gmt":"2019-05-12T07:22:52","slug":"wohnung-zur-marsch","status":"publish","type":"page","link":"https:\/\/pilsumer-warfthaus.de\/?page_id=109","title":{"rendered":"Wohnung &#8222;Zur Marsch&#8220;"},"content":{"rendered":"<p><span style=\"font-family: helvetica, arial, sans-serif; font-size: 24pt;\">Ferienwohnung &#8222;Zur Marsch&#8220;<\/span><br \/>\n<span style=\"font-family: helvetica, arial, sans-serif; font-size: 18pt;\">&#8222;Zur Marsch&#8220;, die hintere der beiden Ferienwohnungen, ist 100 m\u00b2 gro\u00df und erstreckt sich \u00fcber zwei Etagen. Der separate Eingang an der Seite des Hauses ist \u00fcber einen beleuchteten Pflasterweg vom Parkplatz aus zu erreichen. Vor dem Wohnbereich liegt eine sonnige Terrasse, von der man einen wundersch\u00f6nen weiten Blick auf die anliegenden Wiesen des Marschlandes hat. Der zu dieser Wohnung geh\u00f6rende Garten mit seiner gro\u00dfen Rasenfl\u00e4che bietet viel Platz zum Erholen und Spielen. Im offenen Wohnbereich hat man von der gro\u00dfen Galerie aus ebenfalls einen sch\u00f6nen Blick auf die weite Landschaft. Die zahlreichen Fenster im Wohn- und im angrenzenden K\u00fcchen- und Essbereich und die tor\u00e4hnliche T\u00fcr zum Garten sorgen f\u00fcr eine helle und freundliche Atmosph\u00e4re. F\u00fcr wohlige W\u00e4rme an k\u00fchlen Abenden oder windigen Herbst- und Wintertagen sorgt der Kaminofen.<\/span><br \/>\n<span style=\"font-family: helvetica, arial, sans-serif; font-size: 18pt;\">Mit einem oben und einem unten liegenden Schlafzimmer ist die Wohnung f\u00fcr G\u00e4ste jeden Alters geeignet. Ein vollwertiges Badezimmer mit Dusche und WC gibt es sowohl im Unter- wie im Obergeschoss. Das untere Bad verf\u00fcgt \u00fcber eine ger\u00e4umige ebenerdige Dusche. Das Schlafzimmer im Erdgeschoss ist mit einem bequemen Doppelbett ausgestattet. Im oberen Schlafzimmer stehen zwei Einzelbetten und auf der Galerie ein Tagesbett mit zwei Matratzen. Die Wohnung ist sowohl f\u00fcr zwei Personen als auch f\u00fcr Familien mit Kindern geeignet.<\/span><\/p>\n<p>ngg_shortcode_0_placeholder<span style=\"font-family: helvetica, arial, sans-serif; font-size: 18pt;\">Ausstattungsmerkmale:<\/span><\/p>\n<ul>\n<li><span style=\"font-family: helvetica, arial, sans-serif; font-size: 14pt;\">eigener Eingang<\/span><\/li>\n<li><span style=\"font-family: helvetica, arial, sans-serif; font-size: 14pt;\">eigene Terrasse<\/span><\/li>\n<li><span style=\"font-family: helvetica, arial, sans-serif; font-size: 14pt;\">eigener Parkplatz<\/span><\/li>\n<li><span style=\"font-family: helvetica, arial, sans-serif; font-size: 14pt;\">W-lan<\/span><\/li>\n<li><span style=\"font-family: helvetica, arial, sans-serif; font-size: 14pt;\">individuell regulierbare Fu\u00dfbodenheizung in allen R\u00e4umen<\/span><\/li>\n<li><span style=\"font-family: helvetica, arial, sans-serif; font-size: 14pt;\">Bettw\u00e4sche, Handt\u00fccher und Endreinigung<\/span><\/li>\n<li><span style=\"font-family: helvetica, arial, sans-serif; font-size: 14pt;\">Spiele und B\u00fccher<\/span><\/li>\n<\/ul>\n<p><span style=\"font-family: helvetica, arial, sans-serif; font-size: 14pt;\"><strong>1. Schlafzimmer EG:\u2028<\/strong><\/span><\/p>\n<p><span style=\"font-family: helvetica, arial, sans-serif; font-size: 14pt;\">Doppelbett ( 1,80 m x 2 m )( 2 Matratzen )<\/span><\/p>\n<p><span style=\"font-family: helvetica, arial, sans-serif; font-size: 14pt;\"><strong>2. Schlafzimmer OG<\/strong><\/span><\/p>\n<p><span style=\"font-family: helvetica, arial, sans-serif; font-size: 14pt;\"><strong><br \/>\n<\/strong>zwei Einzelbetten ( 0,90m x 2m )<\/span><br \/>\n<span style=\"font-family: helvetica, arial, sans-serif; font-size: 14pt;\">offene Galerie<\/span><br \/>\n<span style=\"font-family: helvetica, arial, sans-serif; font-size: 14pt;\">Tagesbett ( 2 Matratzen 0,80m x 2 m )<\/span><\/p>\n<p><span style=\"font-family: helvetica, arial, sans-serif; font-size: 14pt;\"><strong>1. Badezimmer EG<\/strong><\/span><\/p>\n<p><span style=\"font-family: helvetica, arial, sans-serif; font-size: 14pt;\">ebenerdige Dusche mit Regenduschkopf<\/span><br \/>\n<span style=\"font-family: helvetica, arial, sans-serif; font-size: 14pt;\">WC + Waschtisch<\/span><br \/>\n<span style=\"font-family: helvetica, arial, sans-serif; font-size: 14pt;\">F\u00f6n<\/span><br \/>\n<span style=\"font-family: helvetica, arial, sans-serif; font-size: 14pt;\">Handtuchw\u00e4rmer<\/span><\/p>\n<p><span style=\"font-family: helvetica, arial, sans-serif; font-size: 14pt;\"><strong>2. Badezimmer OG<\/strong><\/span><\/p>\n<p><span style=\"font-family: helvetica, arial, sans-serif; font-size: 14pt;\">Dusche mit Eckeinstieg<\/span><br \/>\n<span style=\"font-family: helvetica, arial, sans-serif; font-size: 14pt;\">WC + Waschtisch<\/span><\/p>\n<p><span style=\"font-family: helvetica, arial, sans-serif; font-size: 14pt;\"><strong>K\u00fcche mit Essbereich<\/strong><\/span><\/p>\n<p><span style=\"font-family: helvetica, arial, sans-serif; font-size: 14pt;\">Ausstattung f\u00fcr 6 Personen<\/span><br \/>\n<span style=\"font-family: helvetica, arial, sans-serif; font-size: 14pt;\">K\u00fchlschrank mit Gefrierfach<\/span><br \/>\n<span style=\"font-family: helvetica, arial, sans-serif; font-size: 14pt;\">4-Zonen-Glaskeramikkochfeld inkl. Backofen<\/span><br \/>\n<span style=\"font-family: helvetica, arial, sans-serif; font-size: 14pt;\">Geschirrsp\u00fclmaschine<\/span><br \/>\n<span style=\"font-family: helvetica, arial, sans-serif; font-size: 14pt;\">Toaster, Wasserkocher, Kaffeemaschine<\/span><\/p>\n<p><span style=\"font-family: helvetica, arial, sans-serif; font-size: 14pt;\"><strong>Wohnbereich<\/strong><\/span><\/p>\n<p><span style=\"font-family: helvetica, arial, sans-serif; font-size: 14pt;\">Sitzecke<\/span><br \/>\n<span style=\"font-family: helvetica, arial, sans-serif; font-size: 14pt;\">Kaminofen<\/span><br \/>\n<span style=\"font-family: helvetica, arial, sans-serif; font-size: 14pt;\">SAT-TV-Flachbildschirm, DVD-Player, Radio mit CD-Player<\/span><\/p>\n<p><span style=\"font-family: helvetica, arial, sans-serif; font-size: 14pt;\"><strong>Au\u00dfenbereich<\/strong><\/span><\/p>\n<p><span style=\"font-family: helvetica, arial, sans-serif; font-size: 14pt;\">eigene Terrasse mit Gartenm\u00f6beln und separatem Gartenbereich<\/span><br \/>\n<span style=\"font-family: helvetica, arial, sans-serif; font-size: 14pt;\">Grill nach Absprache<\/span><br \/>\n<span style=\"font-family: helvetica, arial, sans-serif; font-size: 14pt;\">abschlie\u00dfbares Gartenhaus mit Stromanschluss f\u00fcr Fahrr\u00e4der<\/span><br \/>\n<span style=\"font-family: helvetica, arial, sans-serif; font-size: 14pt;\">befestigter Parkplatz am Haus<\/span><\/p>\n","protected":false},"excerpt":{"rendered":"<p>Ferienwohnung &#8222;Zur Marsch&#8220; &#8222;Zur Marsch&#8220;, die hintere der beiden Ferienwohnungen, ist 100 m\u00b2 gro\u00df und erstreckt sich \u00fcber zwei Etagen. Der separate Eingang an der Seite des Hauses ist \u00fcber einen beleuchteten Pflasterweg vom Parkplatz aus zu erreichen. Vor dem Wohnbereich liegt eine sonnige Terrasse, von der man einen wundersch\u00f6nen weiten Blick auf die anliegenden &hellip; <a href=\"https:\/\/pilsumer-warfthaus.de\/?page_id=109\" class=\"more-link\"><span class=\"screen-reader-text\">Wohnung &#8222;Zur Marsch&#8220;<\/span> weiterlesen <span class=\"meta-nav\">&rarr;<\/span><\/a><\/p>\n","protected":false},"author":1,"featured_media":0,"parent":0,"menu_order":0,"comment_status":"closed","ping_status":"closed","template":"","meta":{"ngg_post_thumbnail":0,"footnotes":""},"class_list":["post-109","page","type-page","status-publish","hentry"],"_links":{"self":[{"href":"https:\/\/pilsumer-warfthaus.de\/index.php?rest_route=\/wp\/v2\/pages\/109","targetHints":{"allow":["GET"]}}],"collection":[{"href":"https:\/\/pilsumer-warfthaus.de\/index.php?rest_route=\/wp\/v2\/pages"}],"about":[{"href":"https:\/\/pilsumer-warfthaus.de\/index.php?rest_route=\/wp\/v2\/types\/page"}],"author":[{"embeddable":true,"href":"https:\/\/pilsumer-warfthaus.de\/index.php?rest_route=\/wp\/v2\/users\/1"}],"replies":[{"embeddable":true,"href":"https:\/\/pilsumer-warfthaus.de\/index.php?rest_route=%2Fwp%2Fv2%2Fcomments&post=109"}],"version-history":[{"count":6,"href":"https:\/\/pilsumer-warfthaus.de\/index.php?rest_route=\/wp\/v2\/pages\/109\/revisions"}],"predecessor-version":[{"id":251,"href":"https:\/\/pilsumer-warfthaus.de\/index.php?rest_route=\/wp\/v2\/pages\/109\/revisions\/251"}],"wp:attachment":[{"href":"https:\/\/pilsumer-warfthaus.de\/index.php?rest_route=%2Fwp%2Fv2%2Fmedia&parent=109"}],"curies":[{"name":"wp","href":"https:\/\/api.w.org\/{rel}","templated":true}]}}