{"id":16,"date":"2019-01-31T17:26:11","date_gmt":"2019-01-31T17:26:11","guid":{"rendered":"http:\/\/pilsumer-warfthaus.de\/?page_id=16"},"modified":"2019-02-10T09:24:44","modified_gmt":"2019-02-10T09:24:44","slug":"das-haus","status":"publish","type":"page","link":"https:\/\/pilsumer-warfthaus.de\/?page_id=16","title":{"rendered":"Die Lage"},"content":{"rendered":"<p>Die Lage<br \/>\nDas &#8222;Pilsumer Warfthaus&#8220; liegt im alten Dorfkern von Pilsum in der l\u00e4ndlichen Gemeinde Krummh\u00f6rn. Die Krummh\u00f6rn mit seinen 18 Warftend\u00f6rfern verzaubert mit ihren alten H\u00e4uptlingsburgen, urigen Gulfh\u00f6fen und den weithin sichtbaren Windm\u00fchlen.<\/p>\n<p><img loading=\"lazy\" decoding=\"async\" class=\"size-medium wp-image-41 aligncenter\" src=\"http:\/\/pilsumer-warfthaus.de\/wp-content\/uploads\/2019\/02\/1-300x192.png\" alt=\"\" width=\"300\" height=\"192\" srcset=\"https:\/\/pilsumer-warfthaus.de\/wp-content\/uploads\/2019\/02\/1-300x192.png 300w, https:\/\/pilsumer-warfthaus.de\/wp-content\/uploads\/2019\/02\/1.png 353w\" sizes=\"auto, (max-width: 300px) 100vw, 300px\" \/><\/p>\n<p>Das Dorf Pilsum ist ein Warftendorf. Zum Schutz vor dem Meer wurde das fr\u00fcher an einer Meeresbucht gelegene Dorf auf einem k\u00fcnstlich aufgesch\u00fctteten Siedlungsh\u00fcgel, einer sogenannten Warft, errichtet. Auf dem h\u00f6chsten Punkt der Warft steht die imposante Kreuzkirche aus dem 12. Jahrhundert. Der auf Vierungspfeilern ruhende Turm hatte fr\u00fcher eine wichtige Bedeutung als Seezeichen und Beobachtungswarte und gibt dem Bauwerk seinen kreuzf\u00f6rmigen Grundriss. Der Turm ist zwar nicht begehbar, aber ein Besuch der Kirche oder einer der Kirchenf\u00fchrungen lohnt sich auf jeden Fall.<br \/>\nAuf einem Spaziergang durch den historischen Ortskern kann man die verwinkelten Gassen des alten Dorfes Pilsum mit seinen gro\u00dfen Gulfh\u00f6fen und den vielen Landarbeiter- und Handwerkerh\u00e4usern aus Backstein erkunden. Viele der alten H\u00e4user wurden in den letzten Jahren liebevoll renoviert.<br \/>\nIn einem der historischen Geb\u00e4ude liegt die Gastst\u00e4tte &#8222;Alte Brauerei&#8220;. In dem familiengef\u00fchrten Restaurant kann man regionale Gerichte in altem Flair genie\u00dfen.<br \/>\nF\u00fcr Interessierte gibt es in Pilsum Galerien, ein Atelier f\u00fcr Glaskunst, die Kleinkunstb\u00fchne &#8222;Sehr kleines Haus&#8220;, den K\u00e4sehof &#8222;Rozenburg&#8220; und verschiedene kulturelle Veranstaltungen, wie zum Beispiel den Orgelfr\u00fchling, den Kunstpfad oder Konzerte in der Pilsumer Kirche. In der in einer ehemaligen B\u00e4ckerei gelegenen Galerie Szkudelski werden im regelm\u00e4\u00dfigem Turnus Arbeiten von verschiedenen K\u00fcnstlern gezeigt.<\/p>\n<p><img loading=\"lazy\" decoding=\"async\" class=\"alignnone size-medium wp-image-42 aligncenter\" src=\"http:\/\/pilsumer-warfthaus.de\/wp-content\/uploads\/2019\/02\/2-300x199.png\" alt=\"\" width=\"300\" height=\"199\" srcset=\"https:\/\/pilsumer-warfthaus.de\/wp-content\/uploads\/2019\/02\/2-300x199.png 300w, https:\/\/pilsumer-warfthaus.de\/wp-content\/uploads\/2019\/02\/2.png 339w\" sizes=\"auto, (max-width: 300px) 100vw, 300px\" \/><\/p>\n<p>F\u00fcr eine lange Wanderung oder eine sch\u00f6ne Fahrradtour eignen sich die vielen durch Wiesen, Getreide-und Rapsfelder f\u00fchrenden gepflasterten Feldwege oder die Wegstrecken entlang des 2 km entfernten Nordseedeichs mit seinen Salzwiesen.<\/p>\n<p><img loading=\"lazy\" decoding=\"async\" class=\"size-medium wp-image-43 aligncenter\" src=\"http:\/\/pilsumer-warfthaus.de\/wp-content\/uploads\/2019\/02\/3-300x185.png\" alt=\"\" width=\"300\" height=\"185\" srcset=\"https:\/\/pilsumer-warfthaus.de\/wp-content\/uploads\/2019\/02\/3-300x185.png 300w, https:\/\/pilsumer-warfthaus.de\/wp-content\/uploads\/2019\/02\/3.png 345w\" sizes=\"auto, (max-width: 300px) 100vw, 300px\" \/><\/p>\n<p>Die Deichsicherungswege sind innen- und au\u00dfendeichs bestens mit dem Rad befahrbar.<\/p>\n<p><img loading=\"lazy\" decoding=\"async\" class=\"size-medium wp-image-44 aligncenter\" src=\"http:\/\/pilsumer-warfthaus.de\/wp-content\/uploads\/2019\/02\/4-300x207.png\" alt=\"\" width=\"300\" height=\"207\" srcset=\"https:\/\/pilsumer-warfthaus.de\/wp-content\/uploads\/2019\/02\/4-300x207.png 300w, https:\/\/pilsumer-warfthaus.de\/wp-content\/uploads\/2019\/02\/4.png 323w\" sizes=\"auto, (max-width: 300px) 100vw, 300px\" \/><\/p>\n<p>Am Pilsumer Deich trifft man auf den durch verschiedene Filme ( &#8222;Otto-Der Au\u00dferfriesische&#8220; oder &#8222;Sonne uns Sturm&#8220; ) bekannten rot-gelb-gestreiften Pilsumer Leuchtturm. Seit 2004 gibt es oben im Turm ein Trauzimmer.<br \/>\nAm Deich entlang kann man auf der Seeseite mit dem Fahrrad bis zur Schleuse Leysiel fahren. Unterwegs gibt es die M\u00f6glichkeit in dem kleinen Naturschutzgebiet Leyh\u00f6rn verschiedene Vogelarten zu beobachten.<br \/>\nAuf der Landseite des Deiches fahrend oder vom Dorf Pilsum selber aus (Feldweg direkt am Garten des &#8222;Pilsumer Warfthaus&#8220; ) f\u00fchren ruhige Wege bis zum bekannten Fischer- und Urlaubsort Greetsiel in 3,5 km Entfernung.<\/p>\n<p>Das Fischerdorf Greetsiel mit seinen historischen H\u00e4userzeilen am Hafen beherbergt nach wie vor eine beeindruckende Krabbenkutterflotte. Ein Spaziergang durch die malerischen Gassen des Ortes f\u00fchrt den Gast bis zu den ber\u00fchmten Greetsieler Zwillingsm\u00fchlen. Diverse Restaurants und Teestuben laden zum Verweilen ein.<\/p>\n","protected":false},"excerpt":{"rendered":"<p>Die Lage Das &#8222;Pilsumer Warfthaus&#8220; liegt im alten Dorfkern von Pilsum in der l\u00e4ndlichen Gemeinde Krummh\u00f6rn. Die Krummh\u00f6rn mit seinen 18 Warftend\u00f6rfern verzaubert mit ihren alten H\u00e4uptlingsburgen, urigen Gulfh\u00f6fen und den weithin sichtbaren Windm\u00fchlen. Das Dorf Pilsum ist ein Warftendorf. Zum Schutz vor dem Meer wurde das fr\u00fcher an einer Meeresbucht gelegene Dorf auf einem &hellip; <a href=\"https:\/\/pilsumer-warfthaus.de\/?page_id=16\" class=\"more-link\"><span class=\"screen-reader-text\">Die Lage<\/span> weiterlesen <span class=\"meta-nav\">&rarr;<\/span><\/a><\/p>\n","protected":false},"author":1,"featured_media":0,"parent":0,"menu_order":0,"comment_status":"closed","ping_status":"closed","template":"","meta":{"ngg_post_thumbnail":0,"footnotes":""},"class_list":["post-16","page","type-page","status-publish","hentry"],"_links":{"self":[{"href":"https:\/\/pilsumer-warfthaus.de\/index.php?rest_route=\/wp\/v2\/pages\/16","targetHints":{"allow":["GET"]}}],"collection":[{"href":"https:\/\/pilsumer-warfthaus.de\/index.php?rest_route=\/wp\/v2\/pages"}],"about":[{"href":"https:\/\/pilsumer-warfthaus.de\/index.php?rest_route=\/wp\/v2\/types\/page"}],"author":[{"embeddable":true,"href":"https:\/\/pilsumer-warfthaus.de\/index.php?rest_route=\/wp\/v2\/users\/1"}],"replies":[{"embeddable":true,"href":"https:\/\/pilsumer-warfthaus.de\/index.php?rest_route=%2Fwp%2Fv2%2Fcomments&post=16"}],"version-history":[{"count":5,"href":"https:\/\/pilsumer-warfthaus.de\/index.php?rest_route=\/wp\/v2\/pages\/16\/revisions"}],"predecessor-version":[{"id":46,"href":"https:\/\/pilsumer-warfthaus.de\/index.php?rest_route=\/wp\/v2\/pages\/16\/revisions\/46"}],"wp:attachment":[{"href":"https:\/\/pilsumer-warfthaus.de\/index.php?rest_route=%2Fwp%2Fv2%2Fmedia&parent=16"}],"curies":[{"name":"wp","href":"https:\/\/api.w.org\/{rel}","templated":true}]}}