{"id":185,"date":"2019-02-27T14:36:57","date_gmt":"2019-02-27T14:36:57","guid":{"rendered":"http:\/\/pilsumer-warfthaus.de\/?page_id=185"},"modified":"2019-02-27T14:42:56","modified_gmt":"2019-02-27T14:42:56","slug":"willkommen","status":"publish","type":"page","link":"https:\/\/pilsumer-warfthaus.de\/","title":{"rendered":"Willkommen"},"content":{"rendered":"<p><span style=\"font-family: helvetica, arial, sans-serif;\"><span style=\"font-family: comic sans ms, sans-serif; font-size: 24pt;\">Sch\u00f6neZeit<\/span> in Pilsum<\/span><\/p>\n<p><span style=\"font-family: helvetica, arial, sans-serif;\">Das &#8222;Pilsumer Warfthaus&#8220; liegt ruhig gelegen im alten Dorfkern von Pilsum mit seinen idyllischen Gassen und der imposanten Kreuzkirche.<\/span><br \/>\n<span style=\"font-family: helvetica, arial, sans-serif;\">Pilsum ist eines der typischen Warftend\u00f6rfer in der ostfriesischen Gemeinde Krummh\u00f6rn. Das Dorf liegt 2 km vom Nordseedeich mit seinen Salzwiesen und dem Wattenmeer und 3,5 km vom bekannten Fischerdorf und Ferienort Greetsiel entfernt.<\/span><br \/>\n<span style=\"font-family: helvetica, arial, sans-serif;\">Das mit viel Liebe 2018 neu erbaute &#8222;Pilsumer Warfthaus&#8220; f\u00fcgt sich vom Stil in das Ortsbild mit seinen alten Landarbeiterh\u00e4usern und den gro\u00dfen Gulfh\u00f6fen ein. Umgeben von einem gro\u00dfen Garten mit ruhigen Sitzpl\u00e4tzen k\u00f6nnen G\u00e4ste jeder Altersgruppe in zwei gro\u00dfz\u00fcgigen und altersgerechten Ferienwohnungen f\u00fcr zwei bis sechs Personen in l\u00e4ndlicher Umgebung Ruhe und Erholung finden. <\/span><br \/>\n<span style=\"font-family: helvetica, arial, sans-serif;\">Die Ferienwohnung &#8222;Am Dorf&#8220; liegt zur Dorfseite mit den umliegenden Backsteinh\u00e4usern und der alles \u00fcberragenden Kreuzkirche. Die Ferienwohnung &#8222;Zur Marsch&#8220; hat einen sch\u00f6nen Blick \u00fcber den sanft abfallenden Garten auf die Wiesen und Felder des offenen Marschlandes.<\/span><\/p>\n","protected":false},"excerpt":{"rendered":"<p>Sch\u00f6neZeit in Pilsum Das &#8222;Pilsumer Warfthaus&#8220; liegt ruhig gelegen im alten Dorfkern von Pilsum mit seinen idyllischen Gassen und der imposanten Kreuzkirche. Pilsum ist eines der typischen Warftend\u00f6rfer in der ostfriesischen Gemeinde Krummh\u00f6rn. Das Dorf liegt 2 km vom Nordseedeich mit seinen Salzwiesen und dem Wattenmeer und 3,5 km vom bekannten Fischerdorf und Ferienort Greetsiel &hellip; <a href=\"https:\/\/pilsumer-warfthaus.de\/\" class=\"more-link\"><span class=\"screen-reader-text\">Willkommen<\/span> weiterlesen <span class=\"meta-nav\">&rarr;<\/span><\/a><\/p>\n","protected":false},"author":1,"featured_media":0,"parent":0,"menu_order":0,"comment_status":"closed","ping_status":"closed","template":"","meta":{"ngg_post_thumbnail":0,"footnotes":""},"class_list":["post-185","page","type-page","status-publish","hentry"],"_links":{"self":[{"href":"https:\/\/pilsumer-warfthaus.de\/index.php?rest_route=\/wp\/v2\/pages\/185","targetHints":{"allow":["GET"]}}],"collection":[{"href":"https:\/\/pilsumer-warfthaus.de\/index.php?rest_route=\/wp\/v2\/pages"}],"about":[{"href":"https:\/\/pilsumer-warfthaus.de\/index.php?rest_route=\/wp\/v2\/types\/page"}],"author":[{"embeddable":true,"href":"https:\/\/pilsumer-warfthaus.de\/index.php?rest_route=\/wp\/v2\/users\/1"}],"replies":[{"embeddable":true,"href":"https:\/\/pilsumer-warfthaus.de\/index.php?rest_route=%2Fwp%2Fv2%2Fcomments&post=185"}],"version-history":[{"count":4,"href":"https:\/\/pilsumer-warfthaus.de\/index.php?rest_route=\/wp\/v2\/pages\/185\/revisions"}],"predecessor-version":[{"id":306,"href":"https:\/\/pilsumer-warfthaus.de\/index.php?rest_route=\/wp\/v2\/pages\/185\/revisions\/306"}],"wp:attachment":[{"href":"https:\/\/pilsumer-warfthaus.de\/index.php?rest_route=%2Fwp%2Fv2%2Fmedia&parent=185"}],"curies":[{"name":"wp","href":"https:\/\/api.w.org\/{rel}","templated":true}]}}