{"id":22,"date":"2019-01-31T17:27:25","date_gmt":"2019-01-31T17:27:25","guid":{"rendered":"http:\/\/pilsumer-warfthaus.de\/?page_id=22"},"modified":"2019-02-13T06:21:24","modified_gmt":"2019-02-13T06:21:24","slug":"datenschutz-impressum","status":"publish","type":"page","link":"https:\/\/pilsumer-warfthaus.de\/?page_id=22","title":{"rendered":"Datenschutz &#038; Impressum"},"content":{"rendered":"<h1>Impressum<\/h1>\n<h2>Angaben gem\u00e4\u00df \u00a7 5 TMG:<\/h2>\n<p>Dirk &amp; Heika Reershemius<br \/>\nTeyweg 6<\/p>\n<p>26736 Krummh\u00f6rn<\/p>\n<h2>Kontakt:<\/h2>\n<p>Telefon: <span class=\"LrzXr zdqRlf kno-fv\"><span data-dtype=\"d3ifr\" data-local-attribute=\"d3ph\">04926 926640<\/span><\/span><br \/>\nE-Mail: heika@reershemius.com<\/p>\n<h2>Steuernummer<\/h2>\n<p>58\/239\/29907<\/p>\n<h2>Streitschlichtung<\/h2>\n<p>Wir sind nicht bereit oder verpflichtet, an Streitbeilegungsverfahren vor einer Verbraucherschlichtungsstelle teilzunehmen.<\/p>\n<h2>Haftung f\u00fcr Inhalte<\/h2>\n<p>Als Diensteanbieter sind wir gem\u00e4\u00df \u00a7 7 Abs.1 TMG f\u00fcr eigene Inhalte auf diesen Seiten nach den allgemeinen Gesetzen verantwortlich. Nach \u00a7\u00a7 8 bis 10 TMG sind wir als Diensteanbieter jedoch nicht verpflichtet, \u00fcbermittelte oder gespeicherte fremde Informationen zu<br \/>\n\u00fcberwachen oder nach Umst\u00e4nden zu forschen, die auf eine rechtswidrige T\u00e4tigkeit hinweisen.<\/p>\n<p>Verpflichtungen zur Entfernung oder Sperrung der Nutzung von Informationen nach den allgemeinen Gesetzen bleiben hiervon unber\u00fchrt. Eine diesbez\u00fcgliche Haftung ist jedoch erst ab dem Zeitpunkt der Kenntnis einer konkreten Rechtsverletzung m\u00f6glich. Bei Bekanntwerden von entsprechenden Rechtsverletzungen werden wir diese Inhalte umgehend entfernen.<\/p>\n<h2>Haftung f\u00fcr Links<\/h2>\n<p>Unser Angebot enth\u00e4lt Links zu externen Websites Dritter, auf deren Inhalte wir keinen Einfluss haben. Deshalb k\u00f6nnen wir f\u00fcr diese fremden Inhalte auch keine Gew\u00e4hr \u00fcbernehmen. F\u00fcr die Inhalte der verlinkten Seiten ist stets der jeweilige Anbieter oder Betreiber der Seiten verantwortlich. Die verlinkten Seiten wurden zum Zeitpunkt der Verlinkung auf m\u00f6gliche Rechtsverst\u00f6\u00dfe \u00fcberpr\u00fcft. Rechtswidrige Inhalte waren zum Zeitpunkt der Verlinkung nicht erkennbar.<\/p>\n<p>Eine permanente inhaltliche Kontrolle der verlinkten Seiten ist jedoch ohne konkrete Anhaltspunkte einer Rechtsverletzung nicht zumutbar. Bei Bekanntwerden von Rechtsverletzungen werden wir derartige Links umgehend entfernen.<\/p>\n<h2>Datenschutz<\/h2>\n<p><strong>Informationen zur Datenerhebung gem. Art. 13 DSGVO<\/strong><\/p>\n<p>Wir, Teyweg 6, 26736 Krummh\u00f6rn, erheben Daten, die uns freiwillig mitgeteilt werden, lediglich zum Zweck der Auftragsdurchf\u00fchrung, zur Erf\u00fcllung von vertraglichen Pflichten, zur Angebotserstellung und f\u00fcr die hierzu notwendige Kommunikation (Schriftverkehr, Telefonate, e-mail, etc..). Die Nutzung unserer Seite ist ohne eine Angabe von personenbezogenen Daten m\u00f6glich und dient lediglich zur Information der Nutzer. Es werden keine personenbezogenen Daten von nat\u00fcrlichen Personen bei uns gespeichert oder an Dritte weitergegeben. Daten sind dann personenbezogen, wenn sie eindeutig einer bestimmten, nat\u00fcrlichen Person zugeordnet werden k\u00f6nnen.<\/p>\n<p>Grunds\u00e4tzlich ist die Datenerhebung und Datenverarbeitung f\u00fcr die Durchf\u00fchrung eines Vertrags oder Auftrags erforderlich und beruht auf Artikel 6, Abs. 1b, DSGVO. Die Weitergabe dieser Daten an Dritte findet nicht statt, sofern dies nicht zur Auftragserf\u00fcllung oder Vertragserf\u00fcllung unabdingbar n\u00f6tig ist. Die Daten werden gel\u00f6scht, sobald sie f\u00fcr den Zweck der Verarbeitung nicht mehr erforderlich sind, bzw. gesetzliche Fristen erf\u00fcllt wurden.\u00a0 Der Gesetzgeber hat vielf\u00e4ltige Aufbewahrungspflichten und Aufbewahrungsfristen erlassen. Nach Ablauf dieser Fristen werden die Daten routinem\u00e4\u00dfig gel\u00f6scht und vernichtet, sofern sie nicht mehr zur urspr\u00fcnglichen Vertragserf\u00fcllung erforderlich sind.<\/p>\n<p><strong>Kontaktm\u00f6glichkeit<\/strong><br \/>\nSie haben auf unserer Seite die M\u00f6glichkeit, mit uns per E-Mail und\/oder \u00fcber ein Kontaktformular in Verbindung zu treten. In diesem Fall werden die von Ihnen gemachten Angaben zum Zwecke der Bearbeitung seiner Kontaktaufnahme gespeichert. Eine Weitergabe an Dritte erfolgt nicht. Dar\u00fcber hinaus erfolgt kein Abgleich der so erhobenen Daten mit Daten, die m\u00f6glicherweise durch andere Komponenten unserer Seite erhoben werden.<\/p>\n<p>&nbsp;<\/p>\n<p><strong>Serverdaten<\/strong><\/p>\n<p>Aus technischen Gr\u00fcnden (u.a. zur korrekten Seitendarstellung) k\u00f6nnen u.a. folgende, anonymisierte Daten automatisch beim Besuch unserer Seite vom Internet-Browser an uns bzw. an unseren Provider \u00fcbermittelt werden:<\/p>\n<p>&#8211; Browsertyp und -version<br \/>\n&#8211; verwendetes Betriebssystem<br \/>\n&#8211; Webseite, von der aus besucht wird<br \/>\n&#8211; Webseite, die besucht wird<br \/>\n&#8211; Datum und Uhrzeit des Zugriffs<br \/>\n&#8211; Internet Protokoll (IP)-Adresse.<\/p>\n<p>Diese anonymen Daten werden getrennt von anderen Daten gespeichert und lassen so keine R\u00fcckschl\u00fcsse auf eine bestimmte Person zu. Sie werden ausschlie\u00dflich zu statistischen Zwecken ausgewertet. Eine Weitergabe an Dritte, zu kommerziellen oder nichtkommerziellen Zwecken, findet nicht statt.<\/p>\n<p>Wir weisen ausdr\u00fccklich darauf hin, dass die Daten\u00fcbertragung im Internet (z.B. bei der Kommunikation per E-Mail) Sicherheitsl\u00fccken aufweisen und nicht l\u00fcckenlos vor dem Zugriff durch Dritte gesch\u00fctzt werden kann.<\/p>\n<p><strong>Auskunft-Widerruf-L\u00f6schung<br \/>\n<\/strong><br \/>\nSie k\u00f6nnen sich aufgrund des Bundesdatenschutzgesetzes bei Fragen zur Erhebung, Verarbeitung oder Nutzung von personenbezogenen Daten und deren Berichtigung, Sperrung, L\u00f6schung oder einem Widerruf einer erteilten Einwilligung gern an uns wenden.<\/p>\n<h3>Wir weisen darauf hin, dass Ihnen ein Recht auf Berichtigung falscher Daten oder L\u00f6schung personenbezogener Daten zusteht, sofern diesem Anspruch keine gesetzliche Aufbewahrungspflicht entgegensteht.<\/h3>\n<h3>Au\u00dferdem steht Ihnen ein Beschwerderecht bei der zust\u00e4ndigen Aufsichtsbeh\u00f6rde zu:<\/h3>\n<table border=\"0\">\n<tbody>\n<tr>\n<td class=\"null\" colspan=\"2\">Landesbeauftragte f\u00fcr den Datenschutz Niedersachsen<br \/>\nPrinzenstra\u00dfe 5<br \/>\n30159 Hannover<\/td>\n<\/tr>\n<tr>\n<td class=\"null\">Telefon<\/td>\n<td class=\"null\">0511-120 4500<\/td>\n<\/tr>\n<tr>\n<td class=\"null\">Fax<\/td>\n<td class=\"null\">0511-120 4599<\/td>\n<\/tr>\n<\/tbody>\n<\/table>\n<h2>Urheberrecht<\/h2>\n<p>Die durch die Seitenbetreiber erstellten Inhalte und Werke auf diesen Seiten unterliegen dem deutschen Urheberrecht. Die Vervielf\u00e4ltigung, Bearbeitung, Verbreitung und jede Art der Verwertung au\u00dferhalb der Grenzen des Urheberrechtes bed\u00fcrfen der schriftlichen Zustimmung des jeweiligen Autors bzw. Erstellers. Downloads und Kopien dieser Seite sind nur f\u00fcr den privaten, nicht kommerziellen Gebrauch gestattet.<\/p>\n<p>Soweit die Inhalte auf dieser Seite nicht vom Betreiber erstellt wurden, werden die Urheberrechte Dritter beachtet. Insbesondere werden Inhalte Dritter als solche gekennzeichnet. Sollten Sie trotzdem auf eine Urheberrechtsverletzung aufmerksam werden, bitten wir um einen entsprechenden Hinweis. Bei Bekanntwerden von Rechtsverletzungen werden wir derartige Inhalte umgehend entfernen.<\/p>\n<p>Quelle: <a href=\"https:\/\/www.e-recht24.de\">e- recht24.de<\/a><\/p>\n","protected":false},"excerpt":{"rendered":"<p>Impressum Angaben gem\u00e4\u00df \u00a7 5 TMG: Dirk &amp; Heika Reershemius Teyweg 6 26736 Krummh\u00f6rn Kontakt: Telefon: 04926 926640 E-Mail: heika@reershemius.com Steuernummer 58\/239\/29907 Streitschlichtung Wir sind nicht bereit oder verpflichtet, an Streitbeilegungsverfahren vor einer Verbraucherschlichtungsstelle teilzunehmen. Haftung f\u00fcr Inhalte Als Diensteanbieter sind wir gem\u00e4\u00df \u00a7 7 Abs.1 TMG f\u00fcr eigene Inhalte auf diesen Seiten nach den &hellip; <a href=\"https:\/\/pilsumer-warfthaus.de\/?page_id=22\" class=\"more-link\"><span class=\"screen-reader-text\">Datenschutz &#038; Impressum<\/span> weiterlesen <span class=\"meta-nav\">&rarr;<\/span><\/a><\/p>\n","protected":false},"author":1,"featured_media":0,"parent":0,"menu_order":0,"comment_status":"closed","ping_status":"closed","template":"","meta":{"ngg_post_thumbnail":0,"footnotes":""},"class_list":["post-22","page","type-page","status-publish","hentry"],"_links":{"self":[{"href":"https:\/\/pilsumer-warfthaus.de\/index.php?rest_route=\/wp\/v2\/pages\/22","targetHints":{"allow":["GET"]}}],"collection":[{"href":"https:\/\/pilsumer-warfthaus.de\/index.php?rest_route=\/wp\/v2\/pages"}],"about":[{"href":"https:\/\/pilsumer-warfthaus.de\/index.php?rest_route=\/wp\/v2\/types\/page"}],"author":[{"embeddable":true,"href":"https:\/\/pilsumer-warfthaus.de\/index.php?rest_route=\/wp\/v2\/users\/1"}],"replies":[{"embeddable":true,"href":"https:\/\/pilsumer-warfthaus.de\/index.php?rest_route=%2Fwp%2Fv2%2Fcomments&post=22"}],"version-history":[{"count":4,"href":"https:\/\/pilsumer-warfthaus.de\/index.php?rest_route=\/wp\/v2\/pages\/22\/revisions"}],"predecessor-version":[{"id":77,"href":"https:\/\/pilsumer-warfthaus.de\/index.php?rest_route=\/wp\/v2\/pages\/22\/revisions\/77"}],"wp:attachment":[{"href":"https:\/\/pilsumer-warfthaus.de\/index.php?rest_route=%2Fwp%2Fv2%2Fmedia&parent=22"}],"curies":[{"name":"wp","href":"https:\/\/api.w.org\/{rel}","templated":true}]}}