{"id":37,"date":"2019-02-10T09:16:07","date_gmt":"2019-02-10T09:16:07","guid":{"rendered":"http:\/\/pilsumer-warfthaus.de\/?page_id=37"},"modified":"2019-02-10T09:16:07","modified_gmt":"2019-02-10T09:16:07","slug":"umgebung","status":"publish","type":"page","link":"https:\/\/pilsumer-warfthaus.de\/?page_id=37","title":{"rendered":"Umgebung"},"content":{"rendered":"<p>N\u00e4here Umgebung<\/p>\n<ul style=\"list-style-type: circle;\">\n<li>Krummh\u00f6rner Warftend\u00f6rfer<\/li>\n<li>Kreuzkirche und historischer Ortskern Pilsum<\/li>\n<li>Pilsumer K\u00e4sehof &#8222;Rozenburg&#8220;<\/li>\n<li>&#8222;Alte Brauerei&#8220; in Pilsum<\/li>\n<li>Pilsumer Leuchtturm (Otto-Turm)<\/li>\n<li>Windenergiepark Diekskiel<\/li>\n<li>Fischerhafen, Zwillingsm\u00fchlen und historischer Ortskern Greetsiel<\/li>\n<li>Schwimmbad &#8222;Oase&#8220; mit Sauna und Kurmittelabteilung Greetsiel<\/li>\n<li>Manningaburg Pewsum<\/li>\n<li>Landwirtschaftsmuseum und begehbarer Leuchtturm Campen<\/li>\n<li>Schleuse Leysiel<\/li>\n<li>Deich- und Kanallandschaften<\/li>\n<li>Nationalpark Wattenmeer<\/li>\n<li>Nationalparkhaus in Greetsiel<\/li>\n<li>Trockenstrand in Upleward<\/li>\n<li>Vogelbeobachtung an den Hauener P\u00fctten<\/li>\n<\/ul>\n<p>Entfernungen bis 20 Kilometer<\/p>\n<ul style=\"list-style-type: circle;\">\n<li>Ludgerikirche mit Arp-Schnitger-Orgel in Norden<\/li>\n<li>Heimatmuseum und Teemuseum in Norden<\/li>\n<li>L\u00fctetsburger Schloss und Park im romantischen Stil<\/li>\n<li>Hafen zu den ostfriesischen Inseln in Norddeich<\/li>\n<li>Meerwasser-Wellenbad und Sauna in Norddeich<\/li>\n<li>Seebad und Seehundaufzuchtstation in Norddeich<\/li>\n<li>Wattwanderungen nach Baltrum und Norderney<\/li>\n<li>F\u00e4hranleger nach Norderney, Juist und Helgoland<\/li>\n<li>Waloseum in Norddeich<\/li>\n<li>Moormuseum Moordorf<\/li>\n<li>Hafenrundfahrt Au\u00dfenhafen in Emden<\/li>\n<li>Henri-Nannen-Kunsthalle in Emden<\/li>\n<li>Otto-Museum in Emden<\/li>\n<li>Bunkermuseum und R\u00fcstkammer in Emden<\/li>\n<li>VW-Werkin Emden<\/li>\n<li>St\u00f6rtebeker-Turm in Marienhafe<\/li>\n<\/ul>\n<p>Entfernung \u00fcber 20 km<\/p>\n<ul style=\"list-style-type: circle;\">\n<li>Mitmachmuseum in Aurich<\/li>\n<li>Historisches Museum in Aurich<\/li>\n<li>Meyer-Werft in Papenburg<\/li>\n<li>Park der G\u00e4rten in Bad Zwischenahn<\/li>\n<li>Auswanderermuseum in Bremerhaven<\/li>\n<li>Klimahaus in Bremerhaven<\/li>\n<li>Brauerei in Jever<\/li>\n<li>Leeraner Altstadt<\/li>\n<li>Evenburg in Leer<\/li>\n<li>Schloss G\u00f6dens bei Sande<\/li>\n<\/ul>\n","protected":false},"excerpt":{"rendered":"<p>N\u00e4here Umgebung Krummh\u00f6rner Warftend\u00f6rfer Kreuzkirche und historischer Ortskern Pilsum Pilsumer K\u00e4sehof &#8222;Rozenburg&#8220; &#8222;Alte Brauerei&#8220; in Pilsum Pilsumer Leuchtturm (Otto-Turm) Windenergiepark Diekskiel Fischerhafen, Zwillingsm\u00fchlen und historischer Ortskern Greetsiel Schwimmbad &#8222;Oase&#8220; mit Sauna und Kurmittelabteilung Greetsiel Manningaburg Pewsum Landwirtschaftsmuseum und begehbarer Leuchtturm Campen Schleuse Leysiel Deich- und Kanallandschaften Nationalpark Wattenmeer Nationalparkhaus in Greetsiel Trockenstrand in Upleward Vogelbeobachtung &hellip; <a href=\"https:\/\/pilsumer-warfthaus.de\/?page_id=37\" class=\"more-link\"><span class=\"screen-reader-text\">Umgebung<\/span> weiterlesen <span class=\"meta-nav\">&rarr;<\/span><\/a><\/p>\n","protected":false},"author":1,"featured_media":0,"parent":0,"menu_order":0,"comment_status":"closed","ping_status":"closed","template":"","meta":{"ngg_post_thumbnail":0,"footnotes":""},"class_list":["post-37","page","type-page","status-publish","hentry"],"_links":{"self":[{"href":"https:\/\/pilsumer-warfthaus.de\/index.php?rest_route=\/wp\/v2\/pages\/37","targetHints":{"allow":["GET"]}}],"collection":[{"href":"https:\/\/pilsumer-warfthaus.de\/index.php?rest_route=\/wp\/v2\/pages"}],"about":[{"href":"https:\/\/pilsumer-warfthaus.de\/index.php?rest_route=\/wp\/v2\/types\/page"}],"author":[{"embeddable":true,"href":"https:\/\/pilsumer-warfthaus.de\/index.php?rest_route=\/wp\/v2\/users\/1"}],"replies":[{"embeddable":true,"href":"https:\/\/pilsumer-warfthaus.de\/index.php?rest_route=%2Fwp%2Fv2%2Fcomments&post=37"}],"version-history":[{"count":1,"href":"https:\/\/pilsumer-warfthaus.de\/index.php?rest_route=\/wp\/v2\/pages\/37\/revisions"}],"predecessor-version":[{"id":38,"href":"https:\/\/pilsumer-warfthaus.de\/index.php?rest_route=\/wp\/v2\/pages\/37\/revisions\/38"}],"wp:attachment":[{"href":"https:\/\/pilsumer-warfthaus.de\/index.php?rest_route=%2Fwp%2Fv2%2Fmedia&parent=37"}],"curies":[{"name":"wp","href":"https:\/\/api.w.org\/{rel}","templated":true}]}}